{"id":1064,"date":"2024-02-11T17:28:33","date_gmt":"2024-02-11T17:28:33","guid":{"rendered":"http:\/\/arkadruk.com\/gprd\/"},"modified":"2024-03-17T11:19:46","modified_gmt":"2024-03-17T11:19:46","slug":"gprd","status":"publish","type":"page","link":"https:\/\/arkadruk.com\/de\/gprd\/","title":{"rendered":"GPRD"},"content":{"rendered":"[vc_row type=&#8220;full_width_background&#8220; full_screen_row_position=&#8220;middle&#8220; column_margin=&#8220;default&#8220; column_direction=&#8220;default&#8220; column_direction_tablet=&#8220;default&#8220; column_direction_phone=&#8220;default&#8220; bg_color=&#8220;#3a3a3a&#8220; bg_image=&#8220;475&#8243; bg_position=&#8220;center center&#8220; background_image_loading=&#8220;default&#8220; bg_repeat=&#8220;no-repeat&#8220; scene_position=&#8220;center&#8220; top_padding=&#8220;12%&#8220; bottom_padding=&#8220;12%&#8220; text_color=&#8220;light&#8220; text_align=&#8220;left&#8220; row_border_radius=&#8220;none&#8220; row_border_radius_applies=&#8220;bg&#8220; overflow=&#8220;visible&#8220; enable_gradient=&#8220;true&#8220; color_overlay=&#8220;#000000&#8243; overlay_strength=&#8220;0.8&#8243; gradient_direction=&#8220;left_to_right&#8220; shape_divider_position=&#8220;bottom&#8220; bg_image_animation=&#8220;none&#8220; gradient_type=&#8220;default&#8220; shape_type=&#8220;&#8220;][vc_column column_padding=&#8220;no-extra-padding&#8220; column_padding_tablet=&#8220;inherit&#8220; column_padding_phone=&#8220;inherit&#8220; column_padding_position=&#8220;all&#8220; column_element_direction_desktop=&#8220;default&#8220; column_element_spacing=&#8220;default&#8220; centered_text=&#8220;true&#8220; desktop_text_alignment=&#8220;default&#8220; tablet_text_alignment=&#8220;default&#8220; phone_text_alignment=&#8220;default&#8220; background_color_opacity=&#8220;1&#8243; background_hover_color_opacity=&#8220;1&#8243; column_backdrop_filter=&#8220;none&#8220; column_shadow=&#8220;none&#8220; column_border_radius=&#8220;none&#8220; column_link_target=&#8220;_self&#8220; column_position=&#8220;default&#8220; gradient_direction=&#8220;left_to_right&#8220; overlay_strength=&#8220;0.3&#8243; width=&#8220;1\/1&#8243; tablet_width_inherit=&#8220;default&#8220; animation_type=&#8220;default&#8220; enable_animation=&#8220;true&#8220; animation=&#8220;none&#8220; animation_easing=&#8220;default&#8220; bg_image_animation=&#8220;none&#8220; border_type=&#8220;simple&#8220; column_border_width=&#8220;none&#8220; column_border_style=&#8220;solid&#8220;][split_line_heading animation_type=&#8220;line-reveal-by-space&#8220; font_style=&#8220;h1&#8243; line_reveal_by_space_text_effect=&#8220;default&#8220; content_alignment=&#8220;center&#8220; mobile_content_alignment=&#8220;inherit&#8220; link_target=&#8220;_self&#8220; text_content=&#8220;GRPD Bedingungen&#8220;][\/split_line_heading][\/vc_column][\/vc_row][vc_row type=&#8220;in_container&#8220; full_screen_row_position=&#8220;middle&#8220; column_margin=&#8220;default&#8220; column_direction=&#8220;default&#8220; column_direction_tablet=&#8220;default&#8220; column_direction_phone=&#8220;default&#8220; scene_position=&#8220;center&#8220; top_padding=&#8220;3%&#8220; constrain_group_1=&#8220;yes&#8220; bottom_padding=&#8220;3%&#8220; text_color=&#8220;dark&#8220; text_align=&#8220;left&#8220; row_border_radius=&#8220;none&#8220; row_border_radius_applies=&#8220;bg&#8220; overflow=&#8220;visible&#8220; overlay_strength=&#8220;0.3&#8243; gradient_direction=&#8220;left_to_right&#8220; shape_divider_position=&#8220;bottom&#8220; bg_image_animation=&#8220;none&#8220; gradient_type=&#8220;default&#8220; shape_type=&#8220;&#8220;][vc_column column_padding=&#8220;no-extra-padding&#8220; column_padding_tablet=&#8220;inherit&#8220; column_padding_phone=&#8220;inherit&#8220; column_padding_position=&#8220;all&#8220; column_element_direction_desktop=&#8220;default&#8220; column_element_spacing=&#8220;default&#8220; desktop_text_alignment=&#8220;default&#8220; tablet_text_alignment=&#8220;default&#8220; phone_text_alignment=&#8220;default&#8220; background_color_opacity=&#8220;1&#8243; background_hover_color_opacity=&#8220;1&#8243; column_backdrop_filter=&#8220;none&#8220; column_shadow=&#8220;none&#8220; column_border_radius=&#8220;none&#8220; column_link_target=&#8220;_self&#8220; column_position=&#8220;default&#8220; gradient_direction=&#8220;left_to_right&#8220; overlay_strength=&#8220;0.3&#8243; width=&#8220;1\/1&#8243; tablet_width_inherit=&#8220;default&#8220; animation_type=&#8220;default&#8220; bg_image_animation=&#8220;none&#8220; border_type=&#8220;simple&#8220; column_border_width=&#8220;none&#8220; column_border_style=&#8220;solid&#8220;][vc_column_text]Gem\u00e4\u00df Artikel 13 der Verordnung (EU) 2016\/679 des Europ\u00e4ischen Parlaments und des Rates vom 27. April 2016 zum Schutz nat\u00fcrlicher Personen bei der Verarbeitung personenbezogener Daten und zum freien Datenverkehr und zur Aufhebung der Richtlinie 95\/46\/EG (im Folgenden als &#8222;DSGVO&#8220; bezeichnet) m\u00f6chte ich Sie freundlich informieren, dass: 1.Der Verantwortliche f\u00fcr Ihre personenbezogenen Daten ist ARKA-DRUK Sp. z o.o., vertreten durch Artur Bach, mit Sitz in \u0141apy, ul. Cukrownicza 1, 18-100 \u0141apy, Telefon: 727 429 753, E-Mail-Adresse: biuro@arkadruk.com. 2.Die personenbezogenen Daten werden auf der Grundlage von Artikel 6 Absatz 1 Buchstabe a sowie Artikel 6 Absatz 1 Buchstabe f der Datenschutz-Grundverordnung (DSGVO) vom 27. April 2016 zur Durchf\u00fchrung von E-Mail-Korrespondenz verarbeitet. 3.Personenbezogene Daten werden f\u00fcr die Dauer gespeichert, die es erm\u00f6glicht, die mit der Beantwortung der Anfrage verbundenen Aktivit\u00e4ten vollst\u00e4ndig abzuschlie\u00dfen, und gegebenenfalls auch f\u00fcr die Dauer der Aufbewahrung von Unterlagen im Archiv in einigen F\u00e4llen. 4.Empf\u00e4nger personenbezogener Daten k\u00f6nnen sein: der Hosting-Anbieter, IT-Dienstleister, sowie befugte Stellen auf der Grundlage gesetzlicher Bestimmungen. 5.Den betroffenen Personen steht das Recht auf Zugang zu ihren personenbezogenen Daten sowie das Recht auf Berichtigung, L\u00f6schung und Einschr\u00e4nkung der Verarbeitung ihrer personenbezogenen Daten zu. 6.Den betroffenen Personen steht das Recht zu, eine Beschwerde bei der Aufsichtsbeh\u00f6rde &#8211; dem Pr\u00e4sidenten des Datenschutzamtes (Prezes Urz\u0119du Ochrony Danych Osobowych) &#8211; einzureichen. 7.Die Angabe personenbezogener Daten ist eine Voraussetzung f\u00fcr den Vertragsabschluss. Wenn diese nicht bereitgestellt werden, kann der Vertrag nicht abgeschlossen und durchgef\u00fchrt werden. 8.Personenbezogene Daten werden nicht f\u00fcr automatisierte Entscheidungsfindung oder Profilbildung gem\u00e4\u00df Artikel 22 der DSGVO verwendet.[\/vc_column_text][\/vc_column][\/vc_row]\n","protected":false},"excerpt":{"rendered":"<p>[vc_row type=&#8220;full_width_background&#8220; full_screen_row_position=&#8220;middle&#8220; column_margin=&#8220;default&#8220; column_direction=&#8220;default&#8220; column_direction_tablet=&#8220;default&#8220; column_direction_phone=&#8220;default&#8220; bg_color=&#8220;#3a3a3a&#8220; bg_image=&#8220;475&#8243; bg_position=&#8220;center center&#8220; background_image_loading=&#8220;default&#8220; bg_repeat=&#8220;no-repeat&#8220; scene_position=&#8220;center&#8220; top_padding=&#8220;12%&#8220; bottom_padding=&#8220;12%&#8220; text_color=&#8220;light&#8220; text_align=&#8220;left&#8220; row_border_radius=&#8220;none&#8220; row_border_radius_applies=&#8220;bg&#8220; overflow=&#8220;visible&#8220; enable_gradient=&#8220;true&#8220; color_overlay=&#8220;#000000&#8243; overlay_strength=&#8220;0.8&#8243; gradient_direction=&#8220;left_to_right&#8220; shape_divider_position=&#8220;bottom&#8220; bg_image_animation=&#8220;none&#8220; gradient_type=&#8220;default&#8220; shape_type=&#8220;&#8220;][vc_column column_padding=&#8220;no-extra-padding&#8220;&#8230;<\/p>\n","protected":false},"author":1,"featured_media":0,"parent":0,"menu_order":0,"comment_status":"closed","ping_status":"closed","template":"","meta":{"inline_featured_image":false,"footnotes":""},"_links":{"self":[{"href":"https:\/\/arkadruk.com\/de\/wp-json\/wp\/v2\/pages\/1064"}],"collection":[{"href":"https:\/\/arkadruk.com\/de\/wp-json\/wp\/v2\/pages"}],"about":[{"href":"https:\/\/arkadruk.com\/de\/wp-json\/wp\/v2\/types\/page"}],"author":[{"embeddable":true,"href":"https:\/\/arkadruk.com\/de\/wp-json\/wp\/v2\/users\/1"}],"replies":[{"embeddable":true,"href":"https:\/\/arkadruk.com\/de\/wp-json\/wp\/v2\/comments?post=1064"}],"version-history":[{"count":5,"href":"https:\/\/arkadruk.com\/de\/wp-json\/wp\/v2\/pages\/1064\/revisions"}],"predecessor-version":[{"id":1069,"href":"https:\/\/arkadruk.com\/de\/wp-json\/wp\/v2\/pages\/1064\/revisions\/1069"}],"wp:attachment":[{"href":"https:\/\/arkadruk.com\/de\/wp-json\/wp\/v2\/media?parent=1064"}],"curies":[{"name":"wp","href":"https:\/\/api.w.org\/{rel}","templated":true}]}}