{"id":1060,"date":"2023-12-19T22:12:33","date_gmt":"2023-12-19T22:12:33","guid":{"rendered":"http:\/\/arkadruk.com\/datenschutzklauseln\/"},"modified":"2024-03-17T16:17:09","modified_gmt":"2024-03-17T16:17:09","slug":"datenschutzklauseln","status":"publish","type":"page","link":"https:\/\/arkadruk.com\/de\/datenschutzklauseln\/","title":{"rendered":"Datenschutzklauseln"},"content":{"rendered":"[vc_row type=&#8220;full_width_background&#8220; full_screen_row_position=&#8220;middle&#8220; column_margin=&#8220;default&#8220; column_direction=&#8220;default&#8220; column_direction_tablet=&#8220;default&#8220; column_direction_phone=&#8220;default&#8220; bg_color=&#8220;#3a3a3a&#8220; bg_image=&#8220;361&#8243; bg_position=&#8220;center center&#8220; background_image_loading=&#8220;default&#8220; bg_repeat=&#8220;no-repeat&#8220; scene_position=&#8220;center&#8220; top_padding=&#8220;5%&#8220; bottom_padding=&#8220;5%&#8220; text_color=&#8220;light&#8220; text_align=&#8220;left&#8220; row_border_radius=&#8220;none&#8220; row_border_radius_applies=&#8220;bg&#8220; overflow=&#8220;visible&#8220; enable_gradient=&#8220;true&#8220; color_overlay=&#8220;#000000&#8243; overlay_strength=&#8220;0.8&#8243; gradient_direction=&#8220;left_to_right&#8220; shape_divider_position=&#8220;bottom&#8220; bg_image_animation=&#8220;none&#8220; gradient_type=&#8220;default&#8220; shape_type=&#8220;&#8220;][vc_column column_padding=&#8220;no-extra-padding&#8220; column_padding_tablet=&#8220;inherit&#8220; column_padding_phone=&#8220;inherit&#8220; column_padding_position=&#8220;all&#8220; column_element_direction_desktop=&#8220;default&#8220; column_element_spacing=&#8220;default&#8220; centered_text=&#8220;true&#8220; desktop_text_alignment=&#8220;default&#8220; tablet_text_alignment=&#8220;default&#8220; phone_text_alignment=&#8220;default&#8220; background_color_opacity=&#8220;1&#8243; background_hover_color_opacity=&#8220;1&#8243; column_backdrop_filter=&#8220;none&#8220; column_shadow=&#8220;none&#8220; column_border_radius=&#8220;none&#8220; column_link_target=&#8220;_self&#8220; column_position=&#8220;default&#8220; gradient_direction=&#8220;left_to_right&#8220; overlay_strength=&#8220;0.3&#8243; width=&#8220;1\/1&#8243; tablet_width_inherit=&#8220;default&#8220; animation_type=&#8220;default&#8220; enable_animation=&#8220;true&#8220; animation=&#8220;none&#8220; animation_easing=&#8220;default&#8220; bg_image_animation=&#8220;none&#8220; border_type=&#8220;simple&#8220; column_border_width=&#8220;none&#8220; column_border_style=&#8220;solid&#8220;][\/vc_column][\/vc_row][vc_row type=&#8220;in_container&#8220; full_screen_row_position=&#8220;middle&#8220; column_margin=&#8220;default&#8220; column_direction=&#8220;default&#8220; column_direction_tablet=&#8220;default&#8220; column_direction_phone=&#8220;default&#8220; scene_position=&#8220;center&#8220; top_padding=&#8220;3%&#8220; constrain_group_1=&#8220;yes&#8220; bottom_padding=&#8220;3%&#8220; text_color=&#8220;dark&#8220; text_align=&#8220;left&#8220; row_border_radius=&#8220;none&#8220; row_border_radius_applies=&#8220;bg&#8220; overflow=&#8220;visible&#8220; overlay_strength=&#8220;0.3&#8243; gradient_direction=&#8220;left_to_right&#8220; shape_divider_position=&#8220;bottom&#8220; bg_image_animation=&#8220;none&#8220; gradient_type=&#8220;default&#8220; shape_type=&#8220;&#8220;][vc_column column_padding=&#8220;no-extra-padding&#8220; column_padding_tablet=&#8220;inherit&#8220; column_padding_phone=&#8220;inherit&#8220; column_padding_position=&#8220;all&#8220; column_element_direction_desktop=&#8220;default&#8220; column_element_spacing=&#8220;default&#8220; desktop_text_alignment=&#8220;default&#8220; tablet_text_alignment=&#8220;default&#8220; phone_text_alignment=&#8220;default&#8220; background_color_opacity=&#8220;1&#8243; background_hover_color_opacity=&#8220;1&#8243; column_backdrop_filter=&#8220;none&#8220; column_shadow=&#8220;none&#8220; column_border_radius=&#8220;none&#8220; column_link_target=&#8220;_self&#8220; column_position=&#8220;default&#8220; gradient_direction=&#8220;left_to_right&#8220; overlay_strength=&#8220;0.3&#8243; width=&#8220;1\/1&#8243; tablet_width_inherit=&#8220;default&#8220; animation_type=&#8220;default&#8220; bg_image_animation=&#8220;none&#8220; border_type=&#8220;simple&#8220; column_border_width=&#8220;none&#8220; column_border_style=&#8220;solid&#8220;][vc_column_text]\n<p>Informationsklausel f\u00fcr Vertragspartner ARKA-DRUK GmbH mit beschr\u00e4nkter Haftung mit Sitz in \u0141apy<\/p>\n<p>Gem\u00e4\u00df Artikel 13 der Verordnung (EU) 2016\/679 des Europ\u00e4ischen Parlaments und des Rates vom 27. April 2016 zum Schutz nat\u00fcrlicher Personen bei der Verarbeitung personenbezogener Daten und zum freien Datenverkehr und zur Aufhebung der Richtlinie 95\/46\/EG (im Folgenden als &#8222;DSGVO&#8220; bezeichnet) m\u00f6chten wir Sie h\u00f6flich informieren, dass:<\/p>\n<ol>\n<li>Der Verantwortliche f\u00fcr Ihre personenbezogenen Daten ist die ARKA-DRUK Sp. z o.o., vertreten durch Artur Bach, mit Sitz in \u0141apy, ul. Cukrownicza 1, 18-100 \u0141apy, Telefon: 727 429 753, E-Mail-Adresse: biuro@arkadruk.com.<\/li>\n<li>Personenbezogene Daten werden zu folgenden Zwecken verarbeitet:<\/li>\n<li>Abschluss und Durchf\u00fchrung eines Vertrags sowie Kontaktaufnahme im Zusammenhang mit der Vertragsabwicklung, gest\u00fctzt auf Artikel 6 Absatz 1 Buchstabe b der DSGVO;<\/li>\n<li>Buchhaltung und steuerliche Zwecke, gest\u00fctzt auf Artikel 6 Absatz 1 Buchstabe c der DSGVO.<\/li>\n<li>Empf\u00e4nger personenbezogener Daten k\u00f6nnen Banken, Post- und Kurierdienstleister, IT-Dienstleister, Rechtsdienstleistungen und andere gesetzlich befugte Stellen sein.<\/li>\n<li>Personenbezogene Daten werden f\u00fcr den Zeitraum verarbeitet, der zur Erreichung der oben genannten Zwecke erforderlich ist, sowie f\u00fcr den Zeitraum, der sich aus gesetzlichen Vorschriften ergibt.<\/li>\n<li>Personen, deren Daten verarbeitet werden, haben das Recht auf Zugang zu ihren personenbezogenen Daten sowie das Recht auf Berichtigung, L\u00f6schung und Einschr\u00e4nkung der Verarbeitung ihrer personenbezogenen Daten.<\/li>\n<li>Personen, deren Daten verarbeitet werden, haben das Recht, bei der Aufsichtsbeh\u00f6rde &#8211; dem Pr\u00e4sidenten des Datenschutzamtes (Prezes Urz\u0119du Ochrony Danych Osobowych) &#8211; eine Beschwerde einzureichen.<\/li>\n<li>Die Angabe personenbezogener Daten ist eine Voraussetzung f\u00fcr den Abschluss eines Vertrags. Die Folge des Nichtangebens ist die Unm\u00f6glichkeit des Vertragsabschlusses und der Vertragserf\u00fcllung.<\/li>\n<li>Personenbezogene Daten werden nicht f\u00fcr automatisierte Entscheidungsfindung oder Profilbildung gem\u00e4\u00df Artikel 22 der DSGVO verwendet.<\/li>\n<\/ol>\n<p>E-Mail-Korrespondenz ARKA-DRUK Sp\u00f3\u0142ka z ograniczon\u0105 odpowiedzialno\u015bci\u0105 z siedzib\u0105 w \u0141apach<\/p>\n<p>Gem\u00e4\u00df Artikel 13 der Verordnung (EU) 2016\/679 des Europ\u00e4ischen Parlaments und des Rates vom 27. April 2016 zum Schutz nat\u00fcrlicher Personen bei der Verarbeitung personenbezogener Daten und zum freien Datenverkehr und zur Aufhebung der Richtlinie 95\/46\/EG (im Folgenden als &#8222;DSGVO&#8220; bezeichnet) m\u00f6chten wir Sie h\u00f6flich informieren, dass:<\/p>\n<ol>\n<li>Der Verantwortliche f\u00fcr Ihre personenbezogenen Daten ist die ARKA-DRUK Sp. z o.o., vertreten durch Artur Bach, mit Sitz in \u0141apy, ul. Cukrownicza 1, 18-100 \u0141apy, Telefon: 727 429 753, E-Mail-Adresse: biuro@arkadruk.com.<\/li>\n<li>Personenbezogene Daten werden gest\u00fctzt auf Artikel 6 Absatz 1 Buchstabe a sowie Artikel 6 Absatz 1 Buchstabe f der Datenschutz-Grundverordnung (DSGVO) vom 27. April 2016 zur Durchf\u00fchrung von E-Mail-Korrespondenz verarbeitet.<\/li>\n<li>Personenbezogene Daten werden f\u00fcr den Zeitraum gespeichert, der es erm\u00f6glicht, die mit der Beantwortung der Anfrage verbundenen Aktivit\u00e4ten vollst\u00e4ndig abzuschlie\u00dfen, und dann, in einigen F\u00e4llen, auch f\u00fcr den Zeitraum der Dokumentenaufbewahrung im Archiv.<\/li>\n<li>Empf\u00e4nger personenbezogener Daten k\u00f6nnen sein: Hosting-Anbieter, IT-Dienstleister, sowie gesetzlich befugte Stellen.<\/li>\n<li>Personen, deren Daten verarbeitet werden, haben das Recht auf Zugang zu den Inhalten ihrer personenbezogenen Daten sowie das Recht auf Berichtigung, L\u00f6schung und Einschr\u00e4nkung der Verarbeitung ihrer<\/li>\n<\/ol>\n<p>&nbsp;<\/p>\n<p>&nbsp;<\/p>\n[\/vc_column_text][\/vc_column][\/vc_row]\n","protected":false},"excerpt":{"rendered":"<p>[vc_row type=&#8220;full_width_background&#8220; full_screen_row_position=&#8220;middle&#8220; column_margin=&#8220;default&#8220; column_direction=&#8220;default&#8220; column_direction_tablet=&#8220;default&#8220; column_direction_phone=&#8220;default&#8220; bg_color=&#8220;#3a3a3a&#8220; bg_image=&#8220;361&#8243; bg_position=&#8220;center center&#8220; background_image_loading=&#8220;default&#8220; bg_repeat=&#8220;no-repeat&#8220; scene_position=&#8220;center&#8220; top_padding=&#8220;5%&#8220; bottom_padding=&#8220;5%&#8220; text_color=&#8220;light&#8220; text_align=&#8220;left&#8220; row_border_radius=&#8220;none&#8220; row_border_radius_applies=&#8220;bg&#8220; overflow=&#8220;visible&#8220; enable_gradient=&#8220;true&#8220; color_overlay=&#8220;#000000&#8243; overlay_strength=&#8220;0.8&#8243; gradient_direction=&#8220;left_to_right&#8220; shape_divider_position=&#8220;bottom&#8220; bg_image_animation=&#8220;none&#8220; gradient_type=&#8220;default&#8220; shape_type=&#8220;&#8220;][vc_column column_padding=&#8220;no-extra-padding&#8220;&#8230;<\/p>\n","protected":false},"author":1,"featured_media":0,"parent":0,"menu_order":0,"comment_status":"closed","ping_status":"closed","template":"","meta":{"inline_featured_image":false,"footnotes":""},"_links":{"self":[{"href":"https:\/\/arkadruk.com\/de\/wp-json\/wp\/v2\/pages\/1060"}],"collection":[{"href":"https:\/\/arkadruk.com\/de\/wp-json\/wp\/v2\/pages"}],"about":[{"href":"https:\/\/arkadruk.com\/de\/wp-json\/wp\/v2\/types\/page"}],"author":[{"embeddable":true,"href":"https:\/\/arkadruk.com\/de\/wp-json\/wp\/v2\/users\/1"}],"replies":[{"embeddable":true,"href":"https:\/\/arkadruk.com\/de\/wp-json\/wp\/v2\/comments?post=1060"}],"version-history":[{"count":9,"href":"https:\/\/arkadruk.com\/de\/wp-json\/wp\/v2\/pages\/1060\/revisions"}],"predecessor-version":[{"id":1183,"href":"https:\/\/arkadruk.com\/de\/wp-json\/wp\/v2\/pages\/1060\/revisions\/1183"}],"wp:attachment":[{"href":"https:\/\/arkadruk.com\/de\/wp-json\/wp\/v2\/media?parent=1060"}],"curies":[{"name":"wp","href":"https:\/\/api.w.org\/{rel}","templated":true}]}}